{"id":11,"date":"2020-02-24T11:48:03","date_gmt":"2020-02-24T16:48:03","guid":{"rendered":"https:\/\/www.legroupetechnair.ca\/?page_id=11"},"modified":"2024-08-08T14:06:18","modified_gmt":"2024-08-08T18:06:18","slug":"climatisation","status":"publish","type":"page","link":"https:\/\/www.legroupetechnair.ca\/fr\/climatisation\/","title":{"rendered":"Climatisation"},"content":{"rendered":"<section class=\"h1-container climatisation\">\n<div class=\"container\">\n<div class=\"row\">\n<div class=\"col-12 col-xl-8\">\n<div class=\"lc-block\">\n<div editable=\"rich\">\n<h1>\u00caTES-VOUS \u00c0 LA RECHERCHE D\u2019UN SYST\u00c8ME DE CLIMATISATION EFFICACE ET DURABLE\u2009EN OUTAOUAIS?<\/h1>\n<p>Le Groupe Technair est la r\u00e9f\u00e9rence \u00e0 Gatineau<\/p>\n<a class=\"contact btn\" href=\"https:\/\/www.legroupetechnair.ca\/fr\/contact\/\" aria-label=\"Obtenir plus d&rsquo;info \">Obtenir plus d\u2019info <\/a><\/div>\n<\/p><\/div>\n<p><!-- \/lc-block -->\n\t\t\t<\/div>\n<p><!-- \/col --><\/p>\n<div class=\"col-md-4 d-none\">\n<div class=\"lc-block\"><\/div>\n<p><!-- \/lc-block -->\n\t\t\t<\/div>\n<p><!-- \/col -->\n\t\t<\/div>\n<\/p><\/div>\n<\/section>\n<section class=\"main-container climatisation \">\n<div class=\"container\">\n<div class=\"row\">\n<div class=\"col-xl-4\">\n<div class=\"lc-block left-img infinite-image-left\"><\/div>\n<p><!-- \/lc-block -->\n\t\t\t<\/div>\n<p><!-- \/col --><\/p>\n<div class=\"col-xl-8\">\n<div class=\"lc-block\">\n<div editable=\"rich\">\n<h2>Le Groupe Technair est une entreprise de Gatineau qui offre une vari\u00e9t\u00e9 de syst\u00e8mes de climatisation tels que des unit\u00e9s murales, climatiseurs centraux et thermopompes.<\/h2>\n<p>Si vous souhaitez am\u00e9liorer le confort de votre demeure, chez Le Groupe Technair, nous vous recommandons fortement d\u2019avoir recours \u00e0 nos services d\u2019installation et d\u2019entretien de syst\u00e8mes de climatisation. Chez Le Groupe Technaire, nous nous assurons de vous accompagner tout au long du processus, car notre \u00e9quipe d\u2019experts est qualifi\u00e9e pour vous aider. Chez Le Groupe Technair en Outaouais, nous avons les connaissances n\u00e9cessaires pour vous recommander le type de syst\u00e8me de climatisation qui correspond le mieux \u00e0 vos besoins, en plus d\u2019offrir un service d\u2019installation professionnel. <\/p>\n<\/p>\n<p>En faisant affaire avec Le Groupe Technair \u00e0 Gatineau, vous trouverez l\u2019unit\u00e9 murale qui vous convient, que ce soit un climatiseur central, une unit\u00e9 centrale, une thermopompe ou plus. Le Groupe Technair est pr\u00e9sent \u00e0 Maniwaki, Luksville, Notre-Dame-de-Bon-Secours et ailleurs dans la r\u00e9gion de l\u2019Outaouais. <\/p>\n<\/p>\n<\/p>\n<p>Pour en savoir plus sur nos produits, communiquez avec Le Groupe Technair d\u00e8s aujourd\u2019hui ! <\/p>\n<a class=\"contact btn\" href=\"https:\/\/www.legroupetechnair.ca\/fr\/contact\/\" aria-label=\"D&eacute;tails\">D\u00e9tails<\/a><\/div>\n<\/p><\/div>\n<p><!-- \/lc-block -->\n\t\t\t<\/div>\n<p><!-- \/col -->\n\t\t<\/div>\n<\/p><\/div>\n<\/section>\n<section>\n<div lc-helper=\"shortcode\" class=\"live-shortcode\"><div class=\"finance-it\"><div class=\"container\"><div class=\"row\"><div class=\"col-12 col-md-5 col-lg-4\"><div class=\"logo-wrapper\"><a href=\"https:\/\/www.financeit.ca\/s\/yH1dPg\" target=\"_blank\" rel=\"nofollow noopener\"><img decoding=\"async\" src=\"https:\/\/www.legroupetechnair.ca\/wp-content\/themes\/yannickweb-child\/assets\/images\/financeit-logo.png\" class=\"\" alt=\"Finance It\" title=\"\"><noscript><img decoding=\"async\" src=\"https:\/\/www.legroupetechnair.ca\/wp-content\/themes\/yannickweb-child\/assets\/images\/financeit-logo.png\" class=\"\" alt=\"Finance It\" title=\"\"><\/noscript><\/a><\/div><\/div><div class=\"col-12 col-md-7 col-lg-8\"><div class=\"content-wrapper\"><p><a href=\"https:\/\/www.financeit.ca\/s\/yH1dPg\" target=\"_blank\" rel=\"nofollow noopener\">Financement avec Finance It disponible d\u00e8s maintenant.<\/a><\/p><\/div><\/div><\/div><\/div><\/div><\/div>\n<\/section>\n<section class=\"fournisseurs chauffage\">\n<div class=\"container\">\n<div class=\"row\">\n<div class=\"col-md-12\">\n<div class=\"lc-block\">\n<div editable=\"rich\">\n<h2>Nos fournisseurs<\/h2>\n<\/p><\/div>\n<\/p><\/div>\n<p><!-- \/lc-block --><\/p>\n<div class=\"lc-block cat\">\n<div editable=\"rich\">\n<h3>Climatiseurs centrales<\/h3>\n<div class=\"d-flex align-items-center justify-content-center w-100 flex-wrap\"><a class=\"fournisseur-btn d-flex justify-content-center position-relative\" href=\"https:\/\/www.legroupetechnair.ca\/fr\/climatisation\/ruud\/\" aria-label=\"&lt;img width=&quot;266&quot; height=&quot;160&quot; src=&quot;https:\/\/www.legroupetechnair.ca\/wp-content\/uploads\/2020\/02\/Image-4.png&quot; class=&quot;attachment-full size-full wp-post-image&quot; alt=&quot;Ruud&quot; \/&gt;&lt;p class=&quot;position-absolute&quot;&gt;Ruud&lt;\/p&gt;\"><img loading=\"lazy\" decoding=\"async\" width=\"266\" height=\"160\" src=\"https:\/\/www.legroupetechnair.ca\/wp-content\/uploads\/2020\/02\/Image-4.png\" class=\"attachment-full size-full wp-post-image\" alt=\"Ruud\" \/><p class=\"position-absolute\">Ruud<\/p><\/a><a class=\"fournisseur-btn d-flex justify-content-center position-relative\" href=\"https:\/\/www.legroupetechnair.ca\/fr\/climatisation\/goodman\/\" aria-label=\"&lt;img width=&quot;266&quot; height=&quot;160&quot; src=&quot;https:\/\/www.legroupetechnair.ca\/wp-content\/uploads\/2020\/02\/fbf03fbe9eedd3ce5c0c35cbcb96941d.png&quot; class=&quot;attachment-full size-full wp-post-image&quot; alt=&quot;Goodman&quot; \/&gt;&lt;p class=&quot;position-absolute&quot;&gt;Goodman&lt;\/p&gt;\"><img loading=\"lazy\" decoding=\"async\" width=\"266\" height=\"160\" src=\"https:\/\/www.legroupetechnair.ca\/wp-content\/uploads\/2020\/02\/fbf03fbe9eedd3ce5c0c35cbcb96941d.png\" class=\"attachment-full size-full wp-post-image\" alt=\"Goodman\" \/><p class=\"position-absolute\">Goodman<\/p><\/a><a class=\"fournisseur-btn d-flex justify-content-center position-relative\" href=\"https:\/\/www.legroupetechnair.ca\/fr\/climatisation\/amana\/\" aria-label=\"&lt;img width=&quot;266&quot; height=&quot;160&quot; src=&quot;https:\/\/www.legroupetechnair.ca\/wp-content\/uploads\/2020\/02\/2f3aa2701e8205508ff979ceb9e7af7b.png&quot; class=&quot;attachment-full size-full wp-post-image&quot; alt=&quot;Amana&quot; \/&gt;&lt;p class=&quot;position-absolute&quot;&gt;Amana&lt;\/p&gt;\"><img loading=\"lazy\" decoding=\"async\" width=\"266\" height=\"160\" src=\"https:\/\/www.legroupetechnair.ca\/wp-content\/uploads\/2020\/02\/2f3aa2701e8205508ff979ceb9e7af7b.png\" class=\"attachment-full size-full wp-post-image\" alt=\"Amana\" \/><p class=\"position-absolute\">Amana<\/p><\/a><a class='fournisseur-btn d-flex justify-content-center position-relative' target='_blank' rel='noopener'><img loading=\"lazy\" decoding=\"async\" width=\"266\" height=\"160\" src=\"https:\/\/www.legroupetechnair.ca\/wp-content\/uploads\/2020\/03\/max-air.png\" class=\"attachment-full size-full wp-post-image\" alt=\"Maxi-Air\" \/><p class=\"position-absolute\">Maxi-Air<\/p><\/a><\/div><\/div>\n<\/p><\/div>\n<p><!-- \/lc-block --><\/p>\n<div class=\"lc-block cat\">\n<div editable=\"rich\">\n<h3>Climatiseurs murales<\/h3>\n<div class=\"d-flex align-items-center justify-content-center w-100 flex-wrap\"><a class=\"fournisseur-btn d-flex justify-content-center position-relative\" href=\"https:\/\/www.legroupetechnair.ca\/fr\/climatisation\/goodman\/\" aria-label=\"&lt;img width=&quot;266&quot; height=&quot;160&quot; src=&quot;https:\/\/www.legroupetechnair.ca\/wp-content\/uploads\/2020\/02\/fbf03fbe9eedd3ce5c0c35cbcb96941d.png&quot; class=&quot;attachment-full size-full wp-post-image&quot; alt=&quot;Goodman&quot; \/&gt;&lt;p class=&quot;position-absolute&quot;&gt;Goodman&lt;\/p&gt;\"><img loading=\"lazy\" decoding=\"async\" width=\"266\" height=\"160\" src=\"https:\/\/www.legroupetechnair.ca\/wp-content\/uploads\/2020\/02\/fbf03fbe9eedd3ce5c0c35cbcb96941d.png\" class=\"attachment-full size-full wp-post-image\" alt=\"Goodman\" \/><p class=\"position-absolute\">Goodman<\/p><\/a><a href=\"http:\/\/www.directairhvac.com\/directair-climatisation-et-chauffage.sphp\" class=\"fournisseur-btn d-flex justify-content-center position-relative\" target=\"_blank\" rel=\"noopener nofollow\"><img loading=\"lazy\" decoding=\"async\" width=\"250\" height=\"167\" src=\"https:\/\/www.legroupetechnair.ca\/wp-content\/uploads\/2020\/02\/direct-air-logo.png\" class=\"attachment-full size-full wp-post-image\" alt=\"\" \/><p class=\"position-absolute\">Direct air<\/p><\/a><\/div>\n<\/p><\/div>\n<\/p><\/div>\n<p>\t\t\t\t<!-- \/lc-block -->\n\t\t\t<\/div>\n<p><!-- \/col -->\n\t\t<\/div>\n<\/p><\/div>\n<\/section>\n","protected":false},"excerpt":{"rendered":"<p>\u00caTES-VOUS \u00c0 LA RECHERCHE D\u2019UN SYST\u00c8ME DE CLIMATISATION EFFICACE ET DURABLE\u2009EN OUTAOUAIS? Le Groupe Technair est la r\u00e9f\u00e9rence \u00e0 Gatineau Le Groupe Technair est une entreprise de Gatineau qui offre une vari\u00e9t\u00e9 de syst\u00e8mes de climatisation tels que des unit\u00e9s murales, climatiseurs centraux et thermopompes. Si vous souhaitez am\u00e9liorer le confort de votre demeure, chez [&hellip;]<\/p>\n","protected":false},"author":1,"featured_media":0,"parent":0,"menu_order":0,"comment_status":"closed","ping_status":"closed","template":"","meta":{"_acf_changed":false,"footnotes":""},"categories":[],"class_list":["post-11","page","type-page","status-publish","hentry"],"acf":[],"_links":{"self":[{"href":"https:\/\/www.legroupetechnair.ca\/fr\/wp-json\/wp\/v2\/pages\/11","targetHints":{"allow":["GET"]}}],"collection":[{"href":"https:\/\/www.legroupetechnair.ca\/fr\/wp-json\/wp\/v2\/pages"}],"about":[{"href":"https:\/\/www.legroupetechnair.ca\/fr\/wp-json\/wp\/v2\/types\/page"}],"author":[{"embeddable":true,"href":"https:\/\/www.legroupetechnair.ca\/fr\/wp-json\/wp\/v2\/users\/1"}],"replies":[{"embeddable":true,"href":"https:\/\/www.legroupetechnair.ca\/fr\/wp-json\/wp\/v2\/comments?post=11"}],"version-history":[{"count":14,"href":"https:\/\/www.legroupetechnair.ca\/fr\/wp-json\/wp\/v2\/pages\/11\/revisions"}],"predecessor-version":[{"id":833,"href":"https:\/\/www.legroupetechnair.ca\/fr\/wp-json\/wp\/v2\/pages\/11\/revisions\/833"}],"wp:attachment":[{"href":"https:\/\/www.legroupetechnair.ca\/fr\/wp-json\/wp\/v2\/media?parent=11"}],"wp:term":[{"taxonomy":"category","embeddable":true,"href":"https:\/\/www.legroupetechnair.ca\/fr\/wp-json\/wp\/v2\/categories?post=11"}],"curies":[{"name":"wp","href":"https:\/\/api.w.org\/{rel}","templated":true}]}}