{"id":495,"date":"2020-03-04T09:52:27","date_gmt":"2020-03-04T14:52:27","guid":{"rendered":"https:\/\/www.legroupetechnair.ca\/?page_id=495"},"modified":"2024-08-08T14:10:13","modified_gmt":"2024-08-08T18:10:13","slug":"foyer","status":"publish","type":"page","link":"https:\/\/www.legroupetechnair.ca\/fr\/foyer\/","title":{"rendered":"Foyer"},"content":{"rendered":"<section class=\"h1-container foyer\">\n<div class=\"container\">\n<div class=\"row\">\n<div class=\"col-12 col-xl-8\">\n<div class=\"lc-block\">\n<div editable=\"rich\">\n<h1>\n\t\t\t\t\t\t\tBesoin de faire installer un foyer en Outaouais?<br \/>\n\t\t\t\t\t\t<\/h1>\n<p>Contactez Le Groupe Technair \u00e0 Gatineau, Outaouais !<\/p>\n<a class=\"contact btn\" href=\"https:\/\/www.legroupetechnair.ca\/fr\/contact\/\" aria-label=\"Obtenir plus d&amp;rsquo;info\">Obtenir plus d&rsquo;info<\/a><\/div>\n<\/p><\/div>\n<p><!-- \/lc-block -->\n\t\t\t<\/div>\n<p><!-- \/col --><\/p>\n<div class=\"col-md-4 d-none\">\n<div class=\"lc-block\"><\/div>\n<p><!-- \/lc-block -->\n\t\t\t<\/div>\n<p><!-- \/col -->\n\t\t<\/div>\n<\/p><\/div>\n<\/section>\n<section class=\"main-container foyer \">\n<div class=\"container\">\n<div class=\"row\">\n<div class=\"col-xl-4\">\n<div class=\"lc-block left-img infinite-image-left\"><\/div>\n<p><!-- \/lc-block -->\n\t\t\t<\/div>\n<p><!-- \/col --><\/p>\n<div class=\"col-xl-8\">\n<div class=\"lc-block\">\n<div editable=\"rich\">\n<h2>Si vous \u00eates \u00e0 Gatineau ou aux alentours, consultez l\u2019\u00e9quipe de Le Groupe Technair pour l\u2019achat ou l\u2019installation d\u2019un foyer.<\/h2>\n<p>Le Groupe Technair propose une vaste s\u00e9lection de foyers \u00e0 Gatineau et partout en Outaouais. Nous mettons \u00e0 votre disposition une vari\u00e9t\u00e9 de foyers au gaz ou \u00e9lectrique, de marques r\u00e9put\u00e9es, pour vous garantir un syst\u00e8me qui est efficace et durable, pour un confort remarquable.<\/p>\n<p>Pour plus de d\u00e9tails, cliquez ici et d\u00e9couvrez nos diff\u00e9rents produits.<\/p>\n<a class=\"contact btn\" href=\"https:\/\/www.legroupetechnair.ca\/fr\/contact\/\" aria-label=\"D&eacute;tails\">D\u00e9tails<\/a><\/div>\n<\/p><\/div>\n<p><!-- \/lc-block -->\n\t\t\t<\/div>\n<p><!-- \/col -->\n\t\t<\/div>\n<\/p><\/div>\n<\/section>\n<section>\n<div lc-helper=\"shortcode\" class=\"live-shortcode\"><div class=\"finance-it\"><div class=\"container\"><div class=\"row\"><div class=\"col-12 col-md-5 col-lg-4\"><div class=\"logo-wrapper\"><a href=\"https:\/\/www.financeit.ca\/s\/yH1dPg\" target=\"_blank\" rel=\"nofollow noopener\"><img decoding=\"async\" src=\"https:\/\/www.legroupetechnair.ca\/wp-content\/themes\/yannickweb-child\/assets\/images\/financeit-logo.png\" class=\"\" alt=\"Finance It\" title=\"\"><noscript><img decoding=\"async\" src=\"https:\/\/www.legroupetechnair.ca\/wp-content\/themes\/yannickweb-child\/assets\/images\/financeit-logo.png\" class=\"\" alt=\"Finance It\" title=\"\"><\/noscript><\/a><\/div><\/div><div class=\"col-12 col-md-7 col-lg-8\"><div class=\"content-wrapper\"><p><a href=\"https:\/\/www.financeit.ca\/s\/yH1dPg\" target=\"_blank\" rel=\"nofollow noopener\">Financement avec Finance It disponible d\u00e8s maintenant.<\/a><\/p><\/div><\/div><\/div><\/div><\/div><\/div>\n<\/section>\n<section class=\"fournisseurs chauffage\">\n<div class=\"container\">\n<div class=\"row\">\n<div class=\"col-md-12\">\n<div class=\"lc-block\">\n<div editable=\"rich\">\n<h2>Nos fournisseurs<\/h2>\n<\/p><\/div>\n<\/p><\/div>\n<p><!-- \/lc-block --><br \/>\n\t\t\t\t<!-- \/lc-block --><\/p>\n<div class=\"lc-block cat\">\n<div editable=\"rich\">\n<h3><div class=\"d-flex align-items-center justify-content-center w-100 flex-wrap\"><a class=\"fournisseur-btn d-flex justify-content-center position-relative\" href=\"https:\/\/www.legroupetechnair.ca\/fr\/foyer\/heat-glo\/\" aria-label=\"&lt;img width=&quot;266&quot; height=&quot;160&quot; src=&quot;https:\/\/www.legroupetechnair.ca\/wp-content\/uploads\/2020\/02\/hotglo.png&quot; class=&quot;attachment-full size-full wp-post-image&quot; alt=&quot;Heat &amp;amp; Glo&quot; \/&gt;&lt;p class=&quot;position-absolute&quot;&gt;Heat &amp; Glo&lt;\/p&gt;\"><img loading=\"lazy\" decoding=\"async\" width=\"266\" height=\"160\" src=\"https:\/\/www.legroupetechnair.ca\/wp-content\/uploads\/2020\/02\/hotglo.png\" class=\"attachment-full size-full wp-post-image\" alt=\"Heat &amp; Glo\" \/><p class=\"position-absolute\">Heat & Glo<\/p><\/a><a href=\"https:\/\/continentalfireplaces.com\/products_categories\/gas-fireplaces\/\" class=\"fournisseur-btn d-flex justify-content-center position-relative\" target=\"_blank\" rel=\"noopener nofollow\"><img loading=\"lazy\" decoding=\"async\" width=\"266\" height=\"160\" src=\"https:\/\/www.legroupetechnair.ca\/wp-content\/uploads\/2020\/02\/logo-continental.png\" class=\"attachment-full size-full wp-post-image\" alt=\"Continental Fireplaces\" \/><p class=\"position-absolute\">Continental Fireplaces<\/p><\/a><a href=\"http:\/\/astria.us.com\/\" class=\"fournisseur-btn d-flex justify-content-center position-relative\" target=\"_blank\" rel=\"noopener nofollow\"><img loading=\"lazy\" decoding=\"async\" width=\"266\" height=\"160\" src=\"https:\/\/www.legroupetechnair.ca\/wp-content\/uploads\/2020\/03\/astria.png\" class=\"attachment-full size-full wp-post-image\" alt=\"Astria fireplaces\" \/><p class=\"position-absolute\">Astria Fireplaces<\/p><\/a><a class='fournisseur-btn d-flex justify-content-center position-relative' target='_blank' rel='noopener'><img loading=\"lazy\" decoding=\"async\" width=\"266\" height=\"160\" src=\"https:\/\/www.legroupetechnair.ca\/wp-content\/uploads\/2020\/03\/toso.png\" class=\"attachment-full size-full wp-post-image\" alt=\"T\u00f6so\" \/><p class=\"position-absolute\">T\u00f6so<\/p><\/a><a href=\"https:\/\/www.napoleon.com\/fr\/ca\/chauffage-climatisation\" class=\"fournisseur-btn d-flex justify-content-center position-relative\" target=\"_blank\" rel=\"noopener nofollow\"><img loading=\"lazy\" decoding=\"async\" width=\"266\" height=\"160\" src=\"https:\/\/www.legroupetechnair.ca\/wp-content\/uploads\/2024\/03\/napoleon_white.png\" class=\"attachment-full size-full wp-post-image\" alt=\"\" \/><p class=\"position-absolute\">Napol\u00e9on<\/p><\/a><\/div><br \/><\/h3>\n<\/p><\/div>\n<\/p><\/div>\n<p><!-- \/lc-block --><br \/>\n\t\t\t\t<!-- \/lc-block -->\n\t\t\t<\/div>\n<p><!-- \/col -->\n\t\t<\/div>\n<\/p><\/div>\n<\/section>\n","protected":false},"excerpt":{"rendered":"<p>Besoin de faire installer un foyer en Outaouais? Contactez Le Groupe Technair \u00e0 Gatineau, Outaouais ! Si vous \u00eates \u00e0 Gatineau ou aux alentours, consultez l\u2019\u00e9quipe de Le Groupe Technair pour l\u2019achat ou l\u2019installation d\u2019un foyer. Le Groupe Technair propose une vaste s\u00e9lection de foyers \u00e0 Gatineau et partout en Outaouais. Nous mettons \u00e0 votre [&hellip;]<\/p>\n","protected":false},"author":1,"featured_media":0,"parent":0,"menu_order":0,"comment_status":"closed","ping_status":"closed","template":"","meta":{"_acf_changed":false,"footnotes":""},"categories":[],"class_list":["post-495","page","type-page","status-publish","hentry"],"acf":[],"_links":{"self":[{"href":"https:\/\/www.legroupetechnair.ca\/fr\/wp-json\/wp\/v2\/pages\/495","targetHints":{"allow":["GET"]}}],"collection":[{"href":"https:\/\/www.legroupetechnair.ca\/fr\/wp-json\/wp\/v2\/pages"}],"about":[{"href":"https:\/\/www.legroupetechnair.ca\/fr\/wp-json\/wp\/v2\/types\/page"}],"author":[{"embeddable":true,"href":"https:\/\/www.legroupetechnair.ca\/fr\/wp-json\/wp\/v2\/users\/1"}],"replies":[{"embeddable":true,"href":"https:\/\/www.legroupetechnair.ca\/fr\/wp-json\/wp\/v2\/comments?post=495"}],"version-history":[{"count":12,"href":"https:\/\/www.legroupetechnair.ca\/fr\/wp-json\/wp\/v2\/pages\/495\/revisions"}],"predecessor-version":[{"id":835,"href":"https:\/\/www.legroupetechnair.ca\/fr\/wp-json\/wp\/v2\/pages\/495\/revisions\/835"}],"wp:attachment":[{"href":"https:\/\/www.legroupetechnair.ca\/fr\/wp-json\/wp\/v2\/media?parent=495"}],"wp:term":[{"taxonomy":"category","embeddable":true,"href":"https:\/\/www.legroupetechnair.ca\/fr\/wp-json\/wp\/v2\/categories?post=495"}],"curies":[{"name":"wp","href":"https:\/\/api.w.org\/{rel}","templated":true}]}}