{"id":522,"date":"2020-03-06T13:33:00","date_gmt":"2020-03-06T18:33:00","guid":{"rendered":"https:\/\/www.legroupetechnair.ca\/?page_id=522"},"modified":"2024-08-08T14:13:23","modified_gmt":"2024-08-08T18:13:23","slug":"traitement-de-lair","status":"publish","type":"page","link":"https:\/\/www.legroupetechnair.ca\/fr\/traitement-de-lair\/","title":{"rendered":"Traitement de l&rsquo;air"},"content":{"rendered":"<section class=\"h1-container traitement-air\">\n<div class=\"container\">\n<div class=\"row\">\n<div class=\"col-12 col-xl-8\">\n<div class=\"lc-block\">\n<div editable=\"rich\">\n<h1>\u00cates-vous \u00e0 la recherche de solutions pour le traitement de l\u2019air\u2009 \u00e0 Gatineau?<\/h1>\n<p>Le Groupe Technair est la r\u00e9f\u00e9rence \u00e0 Gatineau !<\/p>\n<a class=\"contact btn\" href=\"https:\/\/www.legroupetechnair.ca\/fr\/contact\/\" aria-label=\"Obtenir plus d&amp;rsquo;info\">Obtenir plus d&rsquo;info<\/a><\/div>\n<\/p><\/div>\n<p><!-- \/lc-block -->\n\t\t\t<\/div>\n<p><!-- \/col --><\/p>\n<div class=\"col-md-4 d-none\">\n<div class=\"lc-block\"><\/div>\n<p><!-- \/lc-block -->\n\t\t\t<\/div>\n<p><!-- \/col -->\n\t\t<\/div>\n<\/p><\/div>\n<\/section>\n<section class=\"main-container traitement-air \">\n<div class=\"container\">\n<div class=\"row\">\n<div class=\"col-xl-4\">\n<div class=\"lc-block left-img infinite-image-left\"><\/div>\n<p><!-- \/lc-block -->\n\t\t\t<\/div>\n<p><!-- \/col --><\/p>\n<div class=\"col-xl-8\">\n<div class=\"lc-block\">\n<div editable=\"rich\">\n<h2>L\u2019entreprise Le Groupe Technair \u00e0 Gatineau offre une vari\u00e9t\u00e9 d\u2019accessoires de traitement de l\u2019air afin d&rsquo;am\u00e9liorer la qualit\u00e9 de l\u2019air de votre maison en Outaouais.<\/h2>\n<p>Si vous souhaitez am\u00e9liorer la qualit\u00e9 de l\u2019air de votre propri\u00e9t\u00e9 en Outaouais, chez Le Groupe Technair, nous vous invitons \u00e0 d\u00e9couvrir nos accessoires de traitement de l\u2019air disponibles pr\u00e8s de chez vous. Notre \u00e9quipe vous propose les meilleures solutions dans le but de r\u00e9pondre \u00e0 votre probl\u00e8me sp\u00e9cifique et nous nous assurons de vous accompagner tout au long du processus d\u2019assainissement de l\u2019air en Outaouais. <\/p>\n<\/p>\n<p>Chez Le Groupe Technair, nous sommes \u00e0 jours sur les derni\u00e8res technologies, donc nous sommes en mesure de vous fournir le syst\u00e8me de traitement de l\u2019air qui vous convient, en plus d\u2019offrir un service d\u2019installation professionnel \u00e0 Gatineau et les environs. <\/p>\n<\/p>\n<\/p>\n<p>Pour en savoir plus sur les produits d\u2019assainissements de l\u2019air et les services offerts par Le Groupe Technair en Outaouais, communiquez avec nous d\u00e8s aujourd\u2019hui ! Nous desservons Gatineau, Maniwaki, Luksville, Notre-Dame-de-Bon-Secours et bien plus. <\/p>\n<a class=\"contact btn\" href=\"https:\/\/www.legroupetechnair.ca\/fr\/contact\/\" aria-label=\"D&eacute;tails\">D\u00e9tails<\/a><\/div>\n<\/p><\/div>\n<p><!-- \/lc-block -->\n\t\t\t<\/div>\n<p><!-- \/col -->\n\t\t<\/div>\n<\/p><\/div>\n<\/section>\n<section>\n<div lc-helper=\"shortcode\" class=\"live-shortcode\"><div class=\"finance-it\"><div class=\"container\"><div class=\"row\"><div class=\"col-12 col-md-5 col-lg-4\"><div class=\"logo-wrapper\"><a href=\"https:\/\/www.financeit.ca\/s\/yH1dPg\" target=\"_blank\" rel=\"nofollow noopener\"><img decoding=\"async\" src=\"https:\/\/www.legroupetechnair.ca\/wp-content\/themes\/yannickweb-child\/assets\/images\/financeit-logo.png\" class=\"\" alt=\"Finance It\" title=\"\"><noscript><img decoding=\"async\" src=\"https:\/\/www.legroupetechnair.ca\/wp-content\/themes\/yannickweb-child\/assets\/images\/financeit-logo.png\" class=\"\" alt=\"Finance It\" title=\"\"><\/noscript><\/a><\/div><\/div><div class=\"col-12 col-md-7 col-lg-8\"><div class=\"content-wrapper\"><p><a href=\"https:\/\/www.financeit.ca\/s\/yH1dPg\" target=\"_blank\" rel=\"nofollow noopener\">Financement avec Finance It disponible d\u00e8s maintenant.<\/a><\/p><\/div><\/div><\/div><\/div><\/div><\/div>\n<\/section>\n<section class=\"fournisseurs chauffage\">\n<div class=\"container\">\n<div class=\"row\">\n<div class=\"col-md-12\">\n<div class=\"lc-block\">\n<div editable=\"rich\">\n<h2>Nos fournisseurs<\/h2>\n<\/p><\/div>\n<\/p><\/div>\n<p><!-- \/lc-block --><br \/>\n\t\t\t\t<!-- \/lc-block --><br \/>\n\t\t\t\t<!-- \/lc-block --><\/p>\n<div class=\"lc-block cat\">\n<div editable=\"rich\">\n\t\t\t\t\t\t<div class=\"d-flex align-items-center justify-content-center w-100 flex-wrap\"><a class=\"fournisseur-btn d-flex justify-content-center position-relative\" href=\"https:\/\/www.legroupetechnair.ca\/fr\/traitement-de-lair\/lifebreath\/\" aria-label=\"&lt;img width=&quot;266&quot; height=&quot;160&quot; src=&quot;https:\/\/www.legroupetechnair.ca\/wp-content\/uploads\/2020\/02\/lifebreath.png&quot; class=&quot;attachment-full size-full wp-post-image&quot; alt=&quot;&quot; \/&gt;&lt;p class=&quot;position-absolute&quot;&gt;Lifebreath&lt;\/p&gt;\"><img loading=\"lazy\" decoding=\"async\" width=\"266\" height=\"160\" src=\"https:\/\/www.legroupetechnair.ca\/wp-content\/uploads\/2020\/02\/lifebreath.png\" class=\"attachment-full size-full wp-post-image\" alt=\"\" \/><p class=\"position-absolute\">Lifebreath<\/p><\/a><a href=\"http:\/\/www.directairhvac.com\/directair-ventilation.sphp\" class=\"fournisseur-btn d-flex justify-content-center position-relative\" target=\"_blank\" rel=\"noopener nofollow\"><img loading=\"lazy\" decoding=\"async\" width=\"250\" height=\"167\" src=\"https:\/\/www.legroupetechnair.ca\/wp-content\/uploads\/2020\/02\/direct-air-logo.png\" class=\"attachment-full size-full wp-post-image\" alt=\"\" \/><p class=\"position-absolute\">Direct air<\/p><\/a><a class=\"fournisseur-btn d-flex justify-content-center position-relative\" href=\"https:\/\/www.legroupetechnair.ca\/fr\/traitement-de-lair\/airflow\/\" aria-label=\"&lt;img width=&quot;266&quot; height=&quot;160&quot; src=&quot;https:\/\/www.legroupetechnair.ca\/wp-content\/uploads\/2024\/03\/airflow_white.png&quot; class=&quot;attachment-full size-full wp-post-image&quot; alt=&quot;&quot; \/&gt;&lt;p class=&quot;position-absolute&quot;&gt;Airflow&lt;\/p&gt;\"><img loading=\"lazy\" decoding=\"async\" width=\"266\" height=\"160\" src=\"https:\/\/www.legroupetechnair.ca\/wp-content\/uploads\/2024\/03\/airflow_white.png\" class=\"attachment-full size-full wp-post-image\" alt=\"\" \/><p class=\"position-absolute\">Airflow<\/p><\/a><\/div><\/p><\/div>\n<\/p><\/div>\n<p><!-- \/lc-block -->\n\t\t\t<\/div>\n<p><!-- \/col -->\n\t\t<\/div>\n<\/p><\/div>\n<\/section>\n","protected":false},"excerpt":{"rendered":"<p>\u00cates-vous \u00e0 la recherche de solutions pour le traitement de l\u2019air\u2009 \u00e0 Gatineau? Le Groupe Technair est la r\u00e9f\u00e9rence \u00e0 Gatineau ! L\u2019entreprise Le Groupe Technair \u00e0 Gatineau offre une vari\u00e9t\u00e9 d\u2019accessoires de traitement de l\u2019air afin d&rsquo;am\u00e9liorer la qualit\u00e9 de l\u2019air de votre maison en Outaouais. Si vous souhaitez am\u00e9liorer la qualit\u00e9 de l\u2019air [&hellip;]<\/p>\n","protected":false},"author":1,"featured_media":0,"parent":0,"menu_order":0,"comment_status":"closed","ping_status":"closed","template":"","meta":{"_acf_changed":false,"footnotes":""},"categories":[],"class_list":["post-522","page","type-page","status-publish","hentry"],"acf":[],"_links":{"self":[{"href":"https:\/\/www.legroupetechnair.ca\/fr\/wp-json\/wp\/v2\/pages\/522","targetHints":{"allow":["GET"]}}],"collection":[{"href":"https:\/\/www.legroupetechnair.ca\/fr\/wp-json\/wp\/v2\/pages"}],"about":[{"href":"https:\/\/www.legroupetechnair.ca\/fr\/wp-json\/wp\/v2\/types\/page"}],"author":[{"embeddable":true,"href":"https:\/\/www.legroupetechnair.ca\/fr\/wp-json\/wp\/v2\/users\/1"}],"replies":[{"embeddable":true,"href":"https:\/\/www.legroupetechnair.ca\/fr\/wp-json\/wp\/v2\/comments?post=522"}],"version-history":[{"count":8,"href":"https:\/\/www.legroupetechnair.ca\/fr\/wp-json\/wp\/v2\/pages\/522\/revisions"}],"predecessor-version":[{"id":837,"href":"https:\/\/www.legroupetechnair.ca\/fr\/wp-json\/wp\/v2\/pages\/522\/revisions\/837"}],"wp:attachment":[{"href":"https:\/\/www.legroupetechnair.ca\/fr\/wp-json\/wp\/v2\/media?parent=522"}],"wp:term":[{"taxonomy":"category","embeddable":true,"href":"https:\/\/www.legroupetechnair.ca\/fr\/wp-json\/wp\/v2\/categories?post=522"}],"curies":[{"name":"wp","href":"https:\/\/api.w.org\/{rel}","templated":true}]}}