{"id":54,"date":"2020-02-24T13:14:59","date_gmt":"2020-02-24T18:14:59","guid":{"rendered":"https:\/\/www.legroupetechnair.ca\/?page_id=54"},"modified":"2024-08-08T14:20:48","modified_gmt":"2024-08-08T18:20:48","slug":"documentation","status":"publish","type":"page","link":"https:\/\/www.legroupetechnair.ca\/fr\/documentation\/","title":{"rendered":"Documentation"},"content":{"rendered":"<section class=\"documentation-container\">\n<div class=\"container\">\n<div class=\"row\">\n<div class=\"col-md-12\">\n<div class=\"lc-block\">\n<div editable=\"rich\">\n<h1>\n\t\t\t\t\t\t\tDocumentation<br \/>\n\t\t\t\t\t\t<\/h1>\n<\/p><\/div>\n<\/p><\/div>\n<p><!-- \/lc-block --><br \/>\n\t\t\t\t<!-- \/lc-block --><\/p>\n<div class=\"lc-block\">\n<div lc-helper=\"shortcode\" class=\"live-shortcode\"><div class=\"documentation\" id=\"documentation-31\"><button class=\"one-category more collapsed\" data-toggle=\"collapse\" data-target=\"#documentation-content-31\" aria-expanded=\"false\" aria-controls=\"documentation-content-31\">Climatiseur central<\/button><div class=\"documentation-contenu panel-collapse collapse\" id=\"documentation-content-31\"><div class=\"reponse-interieur\"><a href='https:\/\/www.legroupetechnair.ca\/wp-content\/uploads\/2020\/02\/Climatiseur-central-Goodman_GSX13_Produc-spec-EN.pdf' target='_blank' rel='noopener'><span>Goodman - GSX13 - Sp\u00e9cification - EN<\/span><\/a><a href='https:\/\/www.legroupetechnair.ca\/wp-content\/uploads\/2020\/02\/Climatiseur-central-Goodman_GSX16_Produc-spec-EN.pdf' target='_blank' rel='noopener'><span>Goodman - GSX16 - Sp\u00e9cification - EN<\/span><\/a><a href='https:\/\/www.legroupetechnair.ca\/wp-content\/uploads\/2024\/03\/AC-central_GSXN3_Spec_EN.pdf' target='_blank' rel='noopener'><span>Goodman \u2013 GSXN3 \u2013 Sp\u00e9cification \u2013 EN<\/span><\/a><a href='https:\/\/www.legroupetechnair.ca\/wp-content\/uploads\/2024\/03\/AC-Central_GSXN4_Spec_EN.pdf' target='_blank' rel='noopener'><span>Goodman \u2013 GSXN4 \u2013 Sp\u00e9cification \u2013 EN<\/span><\/a><\/div><\/div><\/div><div class=\"documentation\" id=\"documentation-30\"><button class=\"one-category more collapsed\" data-toggle=\"collapse\" data-target=\"#documentation-content-30\" aria-expanded=\"false\" aria-controls=\"documentation-content-30\">Climatiseur mural<\/button><div class=\"documentation-contenu panel-collapse collapse\" id=\"documentation-content-30\"><div class=\"reponse-interieur\"><a href='https:\/\/www.legroupetechnair.ca\/wp-content\/uploads\/2024\/03\/AC-Mural_DIR_Brochure_2023_FR.pdf' target='_blank' rel='noopener'><span>Syst\u00e8me de climatisation mural Bibloc Direct Air \u2013 18 seer \u2013 Brochure - 2023 FR<\/span><\/a><a href='https:\/\/www.legroupetechnair.ca\/wp-content\/uploads\/2020\/02\/Climatiseur-mural-Direct-Air_DIR-12AC17-DK_Manette-Bilingue.pdf' target='_blank' rel='noopener'><span>Syst\u00e8me de climatisation mural Bibloc Direct Air \u2013 18 seer \u2013 T\u00e9l\u00e9commande - Bilingue<\/span><\/a><\/div><\/div><\/div><div class=\"documentation\" id=\"documentation-32\"><button class=\"one-category more collapsed\" data-toggle=\"collapse\" data-target=\"#documentation-content-32\" aria-expanded=\"false\" aria-controls=\"documentation-content-32\">\u00c9changeur r\u00e9cup\u00e9rateur de chaleur<\/button><div class=\"documentation-contenu panel-collapse collapse\" id=\"documentation-content-32\"><div class=\"reponse-interieur\"><a href='https:\/\/www.legroupetechnair.ca\/wp-content\/uploads\/2020\/02\/\u00c9changeur-dair-Airflow_AIR-R-130-Es_Manuel-proprio-Bilingue.pdf' target='_blank' rel='noopener'><span>\u00c9changeur d'air Airflow - AIR-R 130 Es - Manuel Propri\u00e9taire - Bilingue<\/span><\/a><a href='https:\/\/www.legroupetechnair.ca\/wp-content\/uploads\/2020\/02\/\u00c9changeur-dair-Airflow_AIR-R-205_Manuel-proprio-Bilingue.pdf' target='_blank' rel='noopener'><span>\u00c9changeur d'air Airflow - AIR-R 205 - Manuel Propri\u00e9taire - Bilingue<\/span><\/a><a href='https:\/\/www.legroupetechnair.ca\/wp-content\/uploads\/2024\/03\/ERC_Lifebreath-Controls-and-Timers.pdf' target='_blank' rel='noopener'><span>\u00c9changeur d\u2019air Lifebreath \u2013 Digital Wall Control \u2013 EN<\/span><\/a><a href='https:\/\/www.legroupetechnair.ca\/wp-content\/uploads\/2024\/03\/ERC_RNC205_Proprio_Bilingue.pdf' target='_blank' rel='noopener'><span>\u00c9changeur d\u2019air Lifebreath \u2013 RNC205 \u2013 Manuel Propri\u00e9taire \u2013 Bilingue<\/span><\/a><a href='https:\/\/www.legroupetechnair.ca\/wp-content\/uploads\/2024\/03\/ERC_RNC205_Spec_FR.pdf' target='_blank' rel='noopener'><span>\u00c9changeur d\u2019air Lifebreath \u2013 RNC205 \u2013 Sp\u00e9cification \u2013 FR<\/span><\/a><a href='https:\/\/www.legroupetechnair.ca\/wp-content\/uploads\/2024\/03\/ERC_RNC6-ES_Proprio_FR.pdf' target='_blank' rel='noopener'><span>\u00c9changeur d\u2019air Lifebreath \u2013 RNC6-ES \u2013 Manuel Propri\u00e9taire \u2013 FR<\/span><\/a><a href='https:\/\/www.legroupetechnair.ca\/wp-content\/uploads\/2024\/03\/ERC_RNC6-ES_Specs.FR_.pdf' target='_blank' rel='noopener'><span>\u00c9changeur d\u2019air Lifebreath \u2013 RNC6-ES \u2013 Sp\u00e9cification \u2013 FR<\/span><\/a><\/div><\/div><\/div><div class=\"documentation\" id=\"documentation-34\"><button class=\"one-category more collapsed\" data-toggle=\"collapse\" data-target=\"#documentation-content-34\" aria-expanded=\"false\" aria-controls=\"documentation-content-34\">Fournaise au gaz<\/button><div class=\"documentation-contenu panel-collapse collapse\" id=\"documentation-content-34\"><div class=\"reponse-interieur\"><a href='https:\/\/www.legroupetechnair.ca\/wp-content\/uploads\/2020\/02\/Fournaise-gaz-Goodman_GMEC96_Produc-spec-EN.pdf' target='_blank' rel='noopener'><span>Fournaise au Gaz Goodman GMEC96 - Sp\u00e9cification - EN<\/span><\/a><a href='https:\/\/www.legroupetechnair.ca\/wp-content\/uploads\/2020\/02\/Fournaise-gaz-Goodman_GMVC96_Produc-spec-EN.pdf' target='_blank' rel='noopener'><span>Fournaise au Gaz Goodman GMVC96 - Sp\u00e9cification - EN<\/span><\/a><\/div><\/div><\/div><div class=\"documentation\" id=\"documentation-33\"><button class=\"one-category more collapsed\" data-toggle=\"collapse\" data-target=\"#documentation-content-33\" aria-expanded=\"false\" aria-controls=\"documentation-content-33\">Fournaise \u00e9lectrique<\/button><div class=\"documentation-contenu panel-collapse collapse\" id=\"documentation-content-33\"><div class=\"reponse-interieur\"><a href='https:\/\/www.legroupetechnair.ca\/wp-content\/uploads\/2024\/03\/Fournaise_Direct-Air_MagicPro_Brochure_FR.pdf' target='_blank' rel='noopener'><span>Fournaise \u00e9lectrique Direct Air MagicPro \u2013 Brochure -FR<\/span><\/a><a href='https:\/\/www.legroupetechnair.ca\/wp-content\/uploads\/2024\/03\/Fourn-Elec_Goodman_AMST_Spec.pdf' target='_blank' rel='noopener'><span>Fournaise \u00e9lectrique Goodman AMST \u2013 Sp\u00e9cification \u2013 EN<\/span><\/a><a href='https:\/\/www.legroupetechnair.ca\/wp-content\/uploads\/2020\/02\/Fournaise-electrique-Goodman_ARUF_Produc-spec-EN.pdf' target='_blank' rel='noopener'><span>Fournaise \u00e9lectrique Goodman ARUF - Sp\u00e9cification - EN<\/span><\/a><a href='https:\/\/www.legroupetechnair.ca\/wp-content\/uploads\/2020\/02\/Fournaise-electrique-Goodman_AVPTC_Produc-spec-EN.pdf' target='_blank' rel='noopener'><span>Fournaise \u00e9lectrique Goodman AVPTC - Sp\u00e9cification - EN<\/span><\/a><\/div><\/div><\/div><div class=\"documentation\" id=\"documentation-54\"><button class=\"one-category more collapsed\" data-toggle=\"collapse\" data-target=\"#documentation-content-54\" aria-expanded=\"false\" aria-controls=\"documentation-content-54\">Humidificateur<\/button><div class=\"documentation-contenu panel-collapse collapse\" id=\"documentation-content-54\"><div class=\"reponse-interieur\"><a href='https:\/\/www.legroupetechnair.ca\/wp-content\/uploads\/2024\/03\/Humidificateur_Aprilaire_Proprio_bilingue.pdf' target='_blank' rel='noopener'><span>Humidificateur Aprilaire \u2013 Manuel Propri\u00e9taire \u2013 EN<\/span><\/a><\/div><\/div><\/div><div class=\"documentation\" id=\"documentation-36\"><button class=\"one-category more collapsed\" data-toggle=\"collapse\" data-target=\"#documentation-content-36\" aria-expanded=\"false\" aria-controls=\"documentation-content-36\">Thermopompe centrale<\/button><div class=\"documentation-contenu panel-collapse collapse\" id=\"documentation-content-36\"><div class=\"reponse-interieur\"><a href='https:\/\/www.legroupetechnair.ca\/wp-content\/uploads\/2024\/03\/HP-Centrale_Direct-Air_MagicPro_Brochure_FR.pdf' target='_blank' rel='noopener'><span>Thermopompe Direct Air MagicPro \u2013 Brochure \u2013 FR<\/span><\/a><a href='https:\/\/www.legroupetechnair.ca\/wp-content\/uploads\/2020\/02\/Thermopompe-Goodman_GSZ18_Produc-spec-EN.pdf' target='_blank' rel='noopener'><span>Thermopompe Goodman GZ18 - Sp\u00e9cification - EN<\/span><\/a><a href='https:\/\/www.legroupetechnair.ca\/wp-content\/uploads\/2020\/02\/Thermopompe-Goodman_GSZC16_Produc-spec-EN.pdf' target='_blank' rel='noopener'><span>Thermopompe Goodman GZC16 - Sp\u00e9cification - EN<\/span><\/a><a href='https:\/\/www.legroupetechnair.ca\/wp-content\/uploads\/2020\/02\/Thermopompe-Goodman_GSZC18_Produc-spec-EN.pdf' target='_blank' rel='noopener'><span>Thermopompe Goodman GZC18 - Sp\u00e9cification - EN<\/span><\/a><a href='https:\/\/www.legroupetechnair.ca\/wp-content\/uploads\/2024\/03\/HP-Central_Maxi-Air-Combo_Brochure_FR.pdf' target='_blank' rel='noopener'><span>Thermopompe Maxi - Combo Brochure - FR<\/span><\/a><a href='https:\/\/www.legroupetechnair.ca\/wp-content\/uploads\/2024\/03\/MaxiAir-Signature_MAXI146_depliant_Maxi-Air-signature_v5.pdf' target='_blank' rel='noopener'><span>Thermopompe MaxiAir Signature MAXI146 \u2013 Brochure \u2013 FR<\/span><\/a><\/div><\/div><\/div><div class=\"documentation\" id=\"documentation-35\"><button class=\"one-category more collapsed\" data-toggle=\"collapse\" data-target=\"#documentation-content-35\" aria-expanded=\"false\" aria-controls=\"documentation-content-35\">Thermopompe murale<\/button><div class=\"documentation-contenu panel-collapse collapse\" id=\"documentation-content-35\"><div class=\"reponse-interieur\"><a href='https:\/\/www.legroupetechnair.ca\/wp-content\/uploads\/2024\/03\/HP-Murale_DIR_Brochure_2023.pdf' target='_blank' rel='noopener'><span>Thermopompe murale Bibloc Direct Air \u2013 18 seer \u2013 Brochure \u2013 FR<\/span><\/a><a href='https:\/\/www.legroupetechnair.ca\/wp-content\/uploads\/2024\/03\/HP-Murale_Direct-Air_Multizones_Brochures_FR.pdf' target='_blank' rel='noopener'><span>Thermopompe murale Direct Air \u2013 Multizones \u2013 Brochure \u2013 FR<\/span><\/a><a href='https:\/\/www.legroupetechnair.ca\/wp-content\/uploads\/2020\/02\/Thermopompe-murale-Direct-Air_DIR-12HP17-DK_Instructions-bilingue.pdf' target='_blank' rel='noopener'><span>Thermopompe murale Direct Air DIR-12HP17 - Instruction - Bilingue<\/span><\/a><a href='https:\/\/www.legroupetechnair.ca\/wp-content\/uploads\/2024\/03\/HP-Mural-_Franklin_Brochure_CB-FDL-HPS_05-21-23-SEER.pdf' target='_blank' rel='noopener'><span>Thermopompe murale Franklin \u2013 Brochure \u2013 EN<\/span><\/a><a href='https:\/\/www.legroupetechnair.ca\/wp-content\/uploads\/2024\/03\/MaxiAir-Signature-Platinum_MAX098_depliant_2023_FR.pdf' target='_blank' rel='noopener'><span>Thermopompe murale MaxiAir Signature Platinum \u2013 MAX098 \u2013 D\u00e9pliant \u2013 FR<\/span><\/a><\/div><\/div><\/div><\/div>\n<\/p><\/div>\n<p><!-- \/lc-block -->\n\t\t\t<\/div>\n<p><!-- \/col -->\n\t\t<\/div>\n<\/p><\/div>\n<\/section>\n","protected":false},"excerpt":{"rendered":"<p>Documentation<\/p>\n","protected":false},"author":1,"featured_media":0,"parent":0,"menu_order":0,"comment_status":"closed","ping_status":"closed","template":"","meta":{"_acf_changed":false,"footnotes":""},"categories":[],"class_list":["post-54","page","type-page","status-publish","hentry"],"acf":[],"_links":{"self":[{"href":"https:\/\/www.legroupetechnair.ca\/fr\/wp-json\/wp\/v2\/pages\/54","targetHints":{"allow":["GET"]}}],"collection":[{"href":"https:\/\/www.legroupetechnair.ca\/fr\/wp-json\/wp\/v2\/pages"}],"about":[{"href":"https:\/\/www.legroupetechnair.ca\/fr\/wp-json\/wp\/v2\/types\/page"}],"author":[{"embeddable":true,"href":"https:\/\/www.legroupetechnair.ca\/fr\/wp-json\/wp\/v2\/users\/1"}],"replies":[{"embeddable":true,"href":"https:\/\/www.legroupetechnair.ca\/fr\/wp-json\/wp\/v2\/comments?post=54"}],"version-history":[{"count":5,"href":"https:\/\/www.legroupetechnair.ca\/fr\/wp-json\/wp\/v2\/pages\/54\/revisions"}],"predecessor-version":[{"id":269,"href":"https:\/\/www.legroupetechnair.ca\/fr\/wp-json\/wp\/v2\/pages\/54\/revisions\/269"}],"wp:attachment":[{"href":"https:\/\/www.legroupetechnair.ca\/fr\/wp-json\/wp\/v2\/media?parent=54"}],"wp:term":[{"taxonomy":"category","embeddable":true,"href":"https:\/\/www.legroupetechnair.ca\/fr\/wp-json\/wp\/v2\/categories?post=54"}],"curies":[{"name":"wp","href":"https:\/\/api.w.org\/{rel}","templated":true}]}}