{"id":7,"date":"2020-02-24T11:45:04","date_gmt":"2020-02-24T16:45:04","guid":{"rendered":"https:\/\/www.legroupetechnair.ca\/?page_id=7"},"modified":"2024-10-03T14:57:28","modified_gmt":"2024-10-03T18:57:28","slug":"accueil","status":"publish","type":"page","link":"https:\/\/www.legroupetechnair.ca\/fr\/","title":{"rendered":"Accueil"},"content":{"rendered":"<section class=\"h1-container\">\n<div class=\"container\">\n<div class=\"row\">\n<div class=\"col-12 col-xl-8\">\n<div class=\"lc-block\">\n<div editable=\"rich\">\n<h1>Vous cherchez un syst\u00e8me de chauffage, de ventilation ou de climatisation de haute qualit\u00e9 \u00e0 gatineau?<\/h1>\n<p>Le Groupe Technair est l\u00e0 pour vous.<\/p>\n<a class=\"contact btn\" href=\"https:\/\/www.legroupetechnair.ca\/fr\/contact\/\" aria-label=\"Contactez-nous\">Contactez-nous<\/a><\/div>\n<\/p><\/div>\n<p><!-- \/lc-block -->\n\t\t\t<\/div>\n<p><!-- \/col --><\/p>\n<div class=\"col-md-4 d-none\">\n<div class=\"lc-block\"><\/div>\n<p><!-- \/lc-block -->\n\t\t\t<\/div>\n<p><!-- \/col -->\n\t\t<\/div>\n<\/p><\/div>\n<\/section>\n<section class=\"services-container\">\n<div class=\"container\">\n<div class=\"row\">\n<div class=\"col-xl-12 d-flex justify-content-center\">\n<div class=\"lc-block\">\n<div class=\"live_shortcode\">\n<div lc-helper=\"shortcode\" class=\"live-shortcode d-flex flex-wrap flex-sm-nowrap justify-content-center justify-content-start\"><a class=\"services\" href=\"https:\/\/www.legroupetechnair.ca\/fr\/climatisation\/\" aria-label=\"&lt;img src=&quot;https:\/\/www.legroupetechnair.ca\/wp-content\/themes\/yannickweb-child\/assets\/images\/cold.svg&quot; class=&quot;&quot; alt=&quot;Ic&ocirc;ne de thermostat indiquant le service de climatisation de Groupe Technair&quot; title=&quot;Ic&ocirc;ne thermostat air climatis&eacute;e&quot;&gt;&lt;noscript&gt;&lt;img src=&quot;https:\/\/www.legroupetechnair.ca\/wp-content\/themes\/yannickweb-child\/assets\/images\/cold.svg&quot; class=&quot;&quot; alt=&quot;Ic&ocirc;ne de thermostat indiquant le service de climatisation de Groupe Technair&quot; title=&quot;Ic&ocirc;ne thermostat air climatis&eacute;e&quot;&gt;&lt;\/noscript&gt;Climatisation\"><img decoding=\"async\" src=\"https:\/\/www.legroupetechnair.ca\/wp-content\/themes\/yannickweb-child\/assets\/images\/cold.svg\" class=\"\" alt=\"Ic\u00f4ne de thermostat indiquant le service de climatisation de Groupe Technair\" title=\"Ic\u00f4ne thermostat air climatis\u00e9e\"><noscript><img decoding=\"async\" src=\"https:\/\/www.legroupetechnair.ca\/wp-content\/themes\/yannickweb-child\/assets\/images\/cold.svg\" class=\"\" alt=\"Ic\u00f4ne de thermostat indiquant le service de climatisation de Groupe Technair\" title=\"Ic\u00f4ne thermostat air climatis\u00e9e\"><\/noscript>Climatisation<\/a><br \/>\n\t\t\t\t\t\t\t<a class=\"services\" href=\"https:\/\/www.legroupetechnair.ca\/fr\/chauffage\/\" aria-label=\"&lt;img src=&quot;https:\/\/www.legroupetechnair.ca\/wp-content\/themes\/yannickweb-child\/assets\/images\/heater.svg&quot; class=&quot;&quot; alt=&quot;Ic&ocirc;ne de foyer indiquant le service de chauffage de Groupe Technair&quot; title=&quot;Ic&ocirc;ne foyer chauffage&quot;&gt;&lt;noscript&gt;&lt;img src=&quot;https:\/\/www.legroupetechnair.ca\/wp-content\/themes\/yannickweb-child\/assets\/images\/heater.svg&quot; class=&quot;&quot; alt=&quot;Ic&ocirc;ne de foyer indiquant le service de chauffage de Groupe Technair&quot; title=&quot;Ic&ocirc;ne foyer chauffage&quot;&gt;&lt;\/noscript&gt;Chauffage\"><img decoding=\"async\" src=\"https:\/\/www.legroupetechnair.ca\/wp-content\/themes\/yannickweb-child\/assets\/images\/heater.svg\" class=\"\" alt=\"Ic\u00f4ne de foyer indiquant le service de chauffage de Groupe Technair\" title=\"Ic\u00f4ne foyer chauffage\"><noscript><img decoding=\"async\" src=\"https:\/\/www.legroupetechnair.ca\/wp-content\/themes\/yannickweb-child\/assets\/images\/heater.svg\" class=\"\" alt=\"Ic\u00f4ne de foyer indiquant le service de chauffage de Groupe Technair\" title=\"Ic\u00f4ne foyer chauffage\"><\/noscript>Chauffage<\/a><br \/>\n\t\t\t\t\t\t\t<a href=\"#accreditations\" class=\"services\"><img decoding=\"async\" src=\"https:\/\/www.legroupetechnair.ca\/wp-content\/themes\/yannickweb-child\/assets\/images\/medal.svg\" class=\"\" alt=\"Ic\u00f4ne de certification indiquant le service de qualit\u00e9 de Groupe Technair\" title=\"Ic\u00f4ne service de qualit\u00e9\"><noscript><img decoding=\"async\" src=\"https:\/\/www.legroupetechnair.ca\/wp-content\/themes\/yannickweb-child\/assets\/images\/medal.svg\" class=\"\" alt=\"Ic\u00f4ne de certification indiquant le service de qualit\u00e9 de Groupe Technair\" title=\"Ic\u00f4ne service de qualit\u00e9\"><\/noscript>Service de Qualit\u00e9<\/a>\n\t\t\t\t\t\t<\/div>\n<\/p><\/div>\n<\/p><\/div>\n<p><!-- \/lc-block --><\/p><\/div>\n<p><!-- \/col -->\n\t\t<\/div>\n<\/p><\/div>\n<\/section>\n<section>\n<div lc-helper=\"shortcode\" class=\"live-shortcode\"><div class=\"finance-it\"><div class=\"container\"><div class=\"row\"><div class=\"col-12 col-md-5 col-lg-4\"><div class=\"logo-wrapper\"><a href=\"https:\/\/www.financeit.ca\/s\/yH1dPg\" target=\"_blank\" rel=\"nofollow noopener\"><img decoding=\"async\" src=\"https:\/\/www.legroupetechnair.ca\/wp-content\/themes\/yannickweb-child\/assets\/images\/financeit-logo.png\" class=\"\" alt=\"Finance It\" title=\"\"><noscript><img decoding=\"async\" src=\"https:\/\/www.legroupetechnair.ca\/wp-content\/themes\/yannickweb-child\/assets\/images\/financeit-logo.png\" class=\"\" alt=\"Finance It\" title=\"\"><\/noscript><\/a><\/div><\/div><div class=\"col-12 col-md-7 col-lg-8\"><div class=\"content-wrapper\"><p><a href=\"https:\/\/www.financeit.ca\/s\/yH1dPg\" target=\"_blank\" rel=\"nofollow noopener\">Financement avec Finance It disponible d\u00e8s maintenant.<\/a><\/p><\/div><\/div><\/div><\/div><\/div><\/div>\n<\/section>\n<section class=\"main-container\">\n<div class=\"container\">\n<div class=\"row\">\n<div class=\"col-xl-4\">\n<div class=\"lc-block left-img infinite-image-left\"><\/div>\n<p><!-- \/lc-block -->\n\t\t\t<\/div>\n<p><!-- \/col --><\/p>\n<div class=\"col-xl-8\">\n<div class=\"lc-block live-shortcode\">\n<div editable=\"rich\">\n<h2>Le Groupe Technair, vous offre des syst\u00e8mes de chauffage, ventilation et de climatisation de haute qualit\u00e9 \u00e0 Gatineau<\/h2>\n<p>Souhaitez-vous installer, acheter ou effectuer l\u2019entretien de votre syst\u00e8me de ventilation r\u00e9sidentielle \u00e0 Gatineau? Chez Le Groupe Technair, nous offrons des services hors pair en mati\u00e8re de chauffage, de ventilation et de climatisation \u00e0 Gatineau en Outaouais. <\/p>\n<\/p>\n<p>Chez Le Groupe Technair, nous tenons au bien-\u00eatre de nos clients, raison pour laquelle il nous tient \u00e0 c\u0153ur de vous offrir des syst\u00e8mes de haute qualit\u00e9 pour assurer votre confort. Profitez d\u2019une qualit\u00e9 d\u2019air sup\u00e9rieure en Outaouais gr\u00e2ce \u00e0 nos syst\u00e8mes de ventilation offerts par nos experts certifi\u00e9s. <\/p>\n<\/p>\n<\/p>\n<p>Chez Le Groupe Technair \u00e0 Gatineau, nos employ\u00e9s sont disponibles pour r\u00e9pondre \u00e0 toutes vos questions et vous accompagner tout au long du processus, en commen\u00e7ant par vous recommander le syst\u00e8me de climatisation, chauffage et ventilation qui vous convient le mieux pour ensuite vous aider avec l\u2019installation et le service apr\u00e8s-vente ou apr\u00e8s-installation. <\/p>\n<p>Contactez Le Groupe Technair maintenant au 819-561-5561<\/p>\n<p>\t\t\t\t\t\t<a class=\"contact btn\" href=\"https:\/\/www.legroupetechnair.ca\/fr\/contact\/\" aria-label=\"En savoir plus\">En savoir plus<\/a>\n\t\t\t\t\t<\/div>\n<\/p><\/div>\n<p><!-- \/lc-block -->\n\t\t\t<\/div>\n<p><!-- \/col -->\n\t\t<\/div>\n<\/p><\/div>\n<\/section>\n<section class=\"green-services-container\">\n<div class=\"container\">\n<div class=\"row\">\n<div class=\"col-12 col-xl-6\">\n<div class=\"lc-block ul-block\">\n<h2>Services offerts &amp; produits<\/h2>\n<\/p><\/div>\n<div class=\"lc-block ul-block d-flex flex-column flex-sm-row\" editable=\"rich\">\n<ul>\n<li>Vente &amp; Installation<\/li>\n<li>Service apr\u00e8s-vente<\/li>\n<li>Ferblanterie<\/li>\n<li>Thermopompe centrale et murale<\/li>\n<li>Fournaise \u00e0 gaz et \u00e9lectrique<\/li>\n<li>\u00c9changeur d\u2019air\/ r\u00e9cup\u00e9rateur de chaleur<\/li>\n<li>Humidificateur central<\/li>\n<li>Ventilation<\/li>\n<\/ul>\n<ul>\n<li>Climatiseur central et mural <\/li>\n<li>Foyer \u00e0 gaz et \u00e9lectrique<\/li>\n<li>Syst\u00e8me \u00e0 gaz naturel<\/li>\n<li>Branchement d\u2019appareil au gaz tel que cuisini\u00e8re et BBQ<\/li>\n<li>Soumission gratuite pour les nouvelles installations ou le remplacement d\u2019\u00e9quipement<\/li>\n<li>Entretien et r\u00e9paration<\/li>\n<\/ul><\/div>\n<div class=\"lc-block ul-block\">\n<div lc-helper=\"shortcode\" class=\"live-shortcode\"><a class=\"contact btn\" href=\"https:\/\/www.legroupetechnair.ca\/fr\/contact\/\" aria-label=\"Contact\">Contact<\/a><\/div>\n<\/p><\/div>\n<p><!-- \/lc-block -->\n\t\t\t<\/div>\n<p><!-- \/col --><\/p>\n<div class=\"col-xl-6 d-none d-xl-block \">\n<div class=\"lc-block climatiseur infinite-image-right\"><\/div>\n<p><!-- \/lc-block -->\n\t\t\t<\/div>\n<p><!-- \/col -->\n\t\t<\/div>\n<\/p><\/div>\n<\/section>\n<section class=\"about-container\">\n<div class=\"container\">\n<div class=\"row\">\n<div class=\"col-xl-8 mx-auto\">\n<div class=\"lc-block text-center\">\n<div editable=\"rich\">\n<h2>Pourquoi faire confiance au Groupe Technair?<\/h2>\n<p>\u00c0 Gatineau, nous sommes la r\u00e9f\u00e9rence en mati\u00e8re de syst\u00e8mes de chauffage, de climatisation et de ventilation de qualit\u00e9 ! Chez Le Groupe Technair, notre force repose dans notre excellent service \u00e0 la client\u00e8le ainsi que nos produits fiables et durables. Il est important pour Le Groupe Technair \u00e0 Gatineau de vous fournir le meilleur service et de r\u00e9pondre \u00e0 vos besoins et c\u2019est pourquoi notre \u00e9quipe se tient \u00e0 jour sur les derni\u00e8res technologies et met \u00e0 votre disposition des experts qualifi\u00e9s, qui vous conseilleront ad\u00e9quatement.<\/p>\n<a class=\"contact btn\" href=\"https:\/\/www.legroupetechnair.ca\/fr\/contact\/\" aria-label=\"Prenez rendez-vous\">Prenez rendez-vous<\/a><\/div>\n<\/p><\/div>\n<p><!-- \/lc-block -->\n\t\t\t<\/div>\n<p><!-- \/col -->\n\t\t<\/div>\n<\/p><\/div>\n<\/section>\n","protected":false},"excerpt":{"rendered":"<p>Vous cherchez un syst\u00e8me de chauffage, de ventilation ou de climatisation de haute qualit\u00e9 \u00e0 gatineau? Le Groupe Technair est l\u00e0 pour vous. Service de Qualit\u00e9 Le Groupe Technair, vous offre des syst\u00e8mes de chauffage, ventilation et de climatisation de haute qualit\u00e9 \u00e0 Gatineau Souhaitez-vous installer, acheter ou effectuer l\u2019entretien de votre syst\u00e8me de ventilation [&hellip;]<\/p>\n","protected":false},"author":1,"featured_media":0,"parent":0,"menu_order":0,"comment_status":"closed","ping_status":"closed","template":"","meta":{"_acf_changed":false,"footnotes":""},"categories":[],"class_list":["post-7","page","type-page","status-publish","hentry"],"acf":[],"_links":{"self":[{"href":"https:\/\/www.legroupetechnair.ca\/fr\/wp-json\/wp\/v2\/pages\/7","targetHints":{"allow":["GET"]}}],"collection":[{"href":"https:\/\/www.legroupetechnair.ca\/fr\/wp-json\/wp\/v2\/pages"}],"about":[{"href":"https:\/\/www.legroupetechnair.ca\/fr\/wp-json\/wp\/v2\/types\/page"}],"author":[{"embeddable":true,"href":"https:\/\/www.legroupetechnair.ca\/fr\/wp-json\/wp\/v2\/users\/1"}],"replies":[{"embeddable":true,"href":"https:\/\/www.legroupetechnair.ca\/fr\/wp-json\/wp\/v2\/comments?post=7"}],"version-history":[{"count":63,"href":"https:\/\/www.legroupetechnair.ca\/fr\/wp-json\/wp\/v2\/pages\/7\/revisions"}],"predecessor-version":[{"id":843,"href":"https:\/\/www.legroupetechnair.ca\/fr\/wp-json\/wp\/v2\/pages\/7\/revisions\/843"}],"wp:attachment":[{"href":"https:\/\/www.legroupetechnair.ca\/fr\/wp-json\/wp\/v2\/media?parent=7"}],"wp:term":[{"taxonomy":"category","embeddable":true,"href":"https:\/\/www.legroupetechnair.ca\/fr\/wp-json\/wp\/v2\/categories?post=7"}],"curies":[{"name":"wp","href":"https:\/\/api.w.org\/{rel}","templated":true}]}}