{"id":9,"date":"2020-02-24T11:46:53","date_gmt":"2020-02-24T16:46:53","guid":{"rendered":"https:\/\/www.legroupetechnair.ca\/?page_id=9"},"modified":"2024-08-08T13:16:11","modified_gmt":"2024-08-08T17:16:11","slug":"chauffage","status":"publish","type":"page","link":"https:\/\/www.legroupetechnair.ca\/fr\/chauffage\/","title":{"rendered":"Chauffage"},"content":{"rendered":"<section class=\"h1-container chauffage\">\n<div class=\"container\">\n<div class=\"row\">\n<div class=\"col-12 col-xl-8\">\n<div class=\"lc-block\">\n<div editable=\"rich\">\n<h1>\n\t\t\t\t\t\t\tBesoin de faire installer un syst\u00e8me de chauffage en Outaouais?<br \/>\n\t\t\t\t\t\t<\/h1>\n<p>Contactez Le Groupe Technair \u00e0 Gatineau !<\/p>\n<a class=\"contact btn\" href=\"https:\/\/www.legroupetechnair.ca\/fr\/contact\/\" aria-label=\"Obtenir plus d&amp;rsquo;info\">Obtenir plus d&rsquo;info<\/a><\/div>\n<\/p><\/div>\n<p><!-- \/lc-block -->\n\t\t\t<\/div>\n<p><!-- \/col --><\/p>\n<div class=\"col-md-4 d-none\">\n<div class=\"lc-block\"><\/div>\n<p><!-- \/lc-block -->\n\t\t\t<\/div>\n<p><!-- \/col -->\n\t\t<\/div>\n<\/p><\/div>\n<\/section>\n<section class=\"main-container chauffage \">\n<div class=\"container\">\n<div class=\"row\">\n<div class=\"col-xl-4\">\n<div class=\"lc-block left-img infinite-image-left\"><\/div>\n<p><!-- \/lc-block -->\n\t\t\t<\/div>\n<p><!-- \/col --><\/p>\n<div class=\"col-xl-8\">\n<div class=\"lc-block\">\n<div editable=\"rich\">\n<h2>Consultez l\u2019\u00e9quipe de Le Groupe Technair pour l\u2019achat ou l\u2019installation d\u2019un syst\u00e8me de chauffage de qualit\u00e9 en Outaouais<\/h2>\n<p>Chez Le Groupe Technair, notre \u00e9quipe vous offre des syst\u00e8mes de chauffage fiables et durables \u00e0 Gatineau, L&rsquo;Ange-Gardien, Luskville et plusieurs autres r\u00e9gions de l\u2019Outaouais. Chez Le Group Technair, nous mettons \u00e0 votre disposition plusieurs types de produits et de marques r\u00e9put\u00e9es pour vous garantir un syst\u00e8me de chauffage efficace et durable en Outaouais. Chez Le Groupe Technair, nous offrons des fournaises ainsi que des foyers \u00e0 gaz naturel et \u00e9lectrique \u00e0 Gatineau. <\/p>\n<p>Pour plus de d\u00e9tails, cliquez ici.<\/p>\n<a class=\"contact btn\" href=\"https:\/\/www.legroupetechnair.ca\/fr\/contact\/\" aria-label=\"D&eacute;tails\">D\u00e9tails<\/a><\/div>\n<\/p><\/div>\n<p><!-- \/lc-block -->\n\t\t\t<\/div>\n<p><!-- \/col -->\n\t\t<\/div>\n<\/p><\/div>\n<\/section>\n<section>\n<div lc-helper=\"shortcode\" class=\"live-shortcode\"><div class=\"finance-it\"><div class=\"container\"><div class=\"row\"><div class=\"col-12 col-md-5 col-lg-4\"><div class=\"logo-wrapper\"><a href=\"https:\/\/www.financeit.ca\/s\/yH1dPg\" target=\"_blank\" rel=\"nofollow noopener\"><img decoding=\"async\" src=\"https:\/\/www.legroupetechnair.ca\/wp-content\/themes\/yannickweb-child\/assets\/images\/financeit-logo.png\" class=\"\" alt=\"Finance It\" title=\"\"><noscript><img decoding=\"async\" src=\"https:\/\/www.legroupetechnair.ca\/wp-content\/themes\/yannickweb-child\/assets\/images\/financeit-logo.png\" class=\"\" alt=\"Finance It\" title=\"\"><\/noscript><\/a><\/div><\/div><div class=\"col-12 col-md-7 col-lg-8\"><div class=\"content-wrapper\"><p><a href=\"https:\/\/www.financeit.ca\/s\/yH1dPg\" target=\"_blank\" rel=\"nofollow noopener\">Financement avec Finance It disponible d\u00e8s maintenant.<\/a><\/p><\/div><\/div><\/div><\/div><\/div><\/div>\n<\/section>\n<section class=\"fournisseurs chauffage\">\n<div class=\"container\">\n<div class=\"row\">\n<div class=\"col-md-12\">\n<div class=\"lc-block\">\n<div editable=\"rich\">\n<h2>Nos fournisseurs<\/h2>\n<\/p><\/div>\n<\/p><\/div>\n<p><!-- \/lc-block --><\/p>\n<div class=\"lc-block cat\">\n<div editable=\"rich\">\n\t\t\t\t\t\t<br \/>\n\t\t\t\t\t\t<div class=\"d-flex align-items-center justify-content-center w-100 flex-wrap\"><a class=\"fournisseur-btn d-flex justify-content-center position-relative\" href=\"https:\/\/www.legroupetechnair.ca\/fr\/chauffage\/ruud\/\" aria-label=\"&lt;img width=&quot;266&quot; height=&quot;160&quot; src=&quot;https:\/\/www.legroupetechnair.ca\/wp-content\/uploads\/2020\/02\/Image-4.png&quot; class=&quot;attachment-full size-full wp-post-image&quot; alt=&quot;Ruud&quot; \/&gt;&lt;p class=&quot;position-absolute&quot;&gt;Ruud&lt;\/p&gt;\"><img loading=\"lazy\" decoding=\"async\" width=\"266\" height=\"160\" src=\"https:\/\/www.legroupetechnair.ca\/wp-content\/uploads\/2020\/02\/Image-4.png\" class=\"attachment-full size-full wp-post-image\" alt=\"Ruud\" \/><p class=\"position-absolute\">Ruud<\/p><\/a><a class=\"fournisseur-btn d-flex justify-content-center position-relative\" href=\"https:\/\/www.legroupetechnair.ca\/fr\/chauffage\/amana\/\" aria-label=\"&lt;img width=&quot;266&quot; height=&quot;160&quot; src=&quot;https:\/\/www.legroupetechnair.ca\/wp-content\/uploads\/2020\/02\/2f3aa2701e8205508ff979ceb9e7af7b.png&quot; class=&quot;attachment-full size-full wp-post-image&quot; alt=&quot;Amana&quot; \/&gt;&lt;p class=&quot;position-absolute&quot;&gt;Amana&lt;\/p&gt;\"><img loading=\"lazy\" decoding=\"async\" width=\"266\" height=\"160\" src=\"https:\/\/www.legroupetechnair.ca\/wp-content\/uploads\/2020\/02\/2f3aa2701e8205508ff979ceb9e7af7b.png\" class=\"attachment-full size-full wp-post-image\" alt=\"Amana\" \/><p class=\"position-absolute\">Amana<\/p><\/a><a class=\"fournisseur-btn d-flex justify-content-center position-relative\" href=\"https:\/\/www.legroupetechnair.ca\/fr\/chauffage\/goodman\/\" aria-label=\"&lt;img width=&quot;266&quot; height=&quot;160&quot; src=&quot;https:\/\/www.legroupetechnair.ca\/wp-content\/uploads\/2020\/02\/fbf03fbe9eedd3ce5c0c35cbcb96941d.png&quot; class=&quot;attachment-full size-full wp-post-image&quot; alt=&quot;Goodman&quot; \/&gt;&lt;p class=&quot;position-absolute&quot;&gt;Goodman&lt;\/p&gt;\"><img loading=\"lazy\" decoding=\"async\" width=\"266\" height=\"160\" src=\"https:\/\/www.legroupetechnair.ca\/wp-content\/uploads\/2020\/02\/fbf03fbe9eedd3ce5c0c35cbcb96941d.png\" class=\"attachment-full size-full wp-post-image\" alt=\"Goodman\" \/><p class=\"position-absolute\">Goodman<\/p><\/a><a class=\"fournisseur-btn d-flex justify-content-center position-relative\" href=\"https:\/\/www.legroupetechnair.ca\/fr\/chauffage\/stelpro\/\" aria-label=\"&lt;img width=&quot;266&quot; height=&quot;160&quot; src=&quot;https:\/\/www.legroupetechnair.ca\/wp-content\/uploads\/2022\/03\/steelpro.png&quot; class=&quot;attachment-full size-full wp-post-image&quot; alt=&quot;&quot; \/&gt;&lt;p class=&quot;position-absolute&quot;&gt;Stelpro&lt;\/p&gt;\"><img loading=\"lazy\" decoding=\"async\" width=\"266\" height=\"160\" src=\"https:\/\/www.legroupetechnair.ca\/wp-content\/uploads\/2022\/03\/steelpro.png\" class=\"attachment-full size-full wp-post-image\" alt=\"\" \/><p class=\"position-absolute\">Stelpro<\/p><\/a><a class=\"fournisseur-btn d-flex justify-content-center position-relative\" href=\"https:\/\/www.legroupetechnair.ca\/fr\/chauffage\/granby\/\" aria-label=\"&lt;img width=&quot;266&quot; height=&quot;160&quot; src=&quot;https:\/\/www.legroupetechnair.ca\/wp-content\/uploads\/2022\/03\/granby-chauffage.png&quot; class=&quot;attachment-full size-full wp-post-image&quot; alt=&quot;&quot; \/&gt;&lt;p class=&quot;position-absolute&quot;&gt;Granby&lt;\/p&gt;\"><img loading=\"lazy\" decoding=\"async\" width=\"266\" height=\"160\" src=\"https:\/\/www.legroupetechnair.ca\/wp-content\/uploads\/2022\/03\/granby-chauffage.png\" class=\"attachment-full size-full wp-post-image\" alt=\"\" \/><p class=\"position-absolute\">Granby<\/p><\/a><a class=\"fournisseur-btn d-flex justify-content-center position-relative\" href=\"https:\/\/www.legroupetechnair.ca\/fr\/chauffage\/maxi-air-signature\/\" aria-label=\"&lt;img width=&quot;266&quot; height=&quot;160&quot; src=&quot;https:\/\/www.legroupetechnair.ca\/wp-content\/uploads\/2024\/03\/maxair_white.png&quot; class=&quot;attachment-full size-full wp-post-image&quot; alt=&quot;&quot; \/&gt;&lt;p class=&quot;position-absolute&quot;&gt;Maxi-Air Signature&lt;\/p&gt;\"><img loading=\"lazy\" decoding=\"async\" width=\"266\" height=\"160\" src=\"https:\/\/www.legroupetechnair.ca\/wp-content\/uploads\/2024\/03\/maxair_white.png\" class=\"attachment-full size-full wp-post-image\" alt=\"\" \/><p class=\"position-absolute\">Maxi-Air Signature<\/p><\/a><a class=\"fournisseur-btn d-flex justify-content-center position-relative\" href=\"https:\/\/www.legroupetechnair.ca\/fr\/chauffage\/franklin\/\" aria-label=\"&lt;img width=&quot;266&quot; height=&quot;160&quot; src=&quot;https:\/\/www.legroupetechnair.ca\/wp-content\/uploads\/2024\/03\/franklin_white.png&quot; class=&quot;attachment-full size-full wp-post-image&quot; alt=&quot;&quot; \/&gt;&lt;p class=&quot;position-absolute&quot;&gt;Franklin&lt;\/p&gt;\"><img loading=\"lazy\" decoding=\"async\" width=\"266\" height=\"160\" src=\"https:\/\/www.legroupetechnair.ca\/wp-content\/uploads\/2024\/03\/franklin_white.png\" class=\"attachment-full size-full wp-post-image\" alt=\"\" \/><p class=\"position-absolute\">Franklin<\/p><\/a><\/div><\/p><\/div>\n<\/p><\/div>\n<p><!-- \/lc-block --><br \/>\n\t\t\t\t<!-- \/lc-block --><br \/>\n\t\t\t\t<!-- \/lc-block -->\n\t\t\t<\/div>\n<p><!-- \/col -->\n\t\t<\/div>\n<\/p><\/div>\n<\/section>\n","protected":false},"excerpt":{"rendered":"<p>Besoin de faire installer un syst\u00e8me de chauffage en Outaouais? Contactez Le Groupe Technair \u00e0 Gatineau ! Consultez l\u2019\u00e9quipe de Le Groupe Technair pour l\u2019achat ou l\u2019installation d\u2019un syst\u00e8me de chauffage de qualit\u00e9 en Outaouais Chez Le Groupe Technair, notre \u00e9quipe vous offre des syst\u00e8mes de chauffage fiables et durables \u00e0 Gatineau, L&rsquo;Ange-Gardien, Luskville et [&hellip;]<\/p>\n","protected":false},"author":1,"featured_media":0,"parent":0,"menu_order":0,"comment_status":"closed","ping_status":"closed","template":"","meta":{"_acf_changed":false,"footnotes":""},"categories":[],"class_list":["post-9","page","type-page","status-publish","hentry"],"acf":[],"_links":{"self":[{"href":"https:\/\/www.legroupetechnair.ca\/fr\/wp-json\/wp\/v2\/pages\/9","targetHints":{"allow":["GET"]}}],"collection":[{"href":"https:\/\/www.legroupetechnair.ca\/fr\/wp-json\/wp\/v2\/pages"}],"about":[{"href":"https:\/\/www.legroupetechnair.ca\/fr\/wp-json\/wp\/v2\/types\/page"}],"author":[{"embeddable":true,"href":"https:\/\/www.legroupetechnair.ca\/fr\/wp-json\/wp\/v2\/users\/1"}],"replies":[{"embeddable":true,"href":"https:\/\/www.legroupetechnair.ca\/fr\/wp-json\/wp\/v2\/comments?post=9"}],"version-history":[{"count":26,"href":"https:\/\/www.legroupetechnair.ca\/fr\/wp-json\/wp\/v2\/pages\/9\/revisions"}],"predecessor-version":[{"id":831,"href":"https:\/\/www.legroupetechnair.ca\/fr\/wp-json\/wp\/v2\/pages\/9\/revisions\/831"}],"wp:attachment":[{"href":"https:\/\/www.legroupetechnair.ca\/fr\/wp-json\/wp\/v2\/media?parent=9"}],"wp:term":[{"taxonomy":"category","embeddable":true,"href":"https:\/\/www.legroupetechnair.ca\/fr\/wp-json\/wp\/v2\/categories?post=9"}],"curies":[{"name":"wp","href":"https:\/\/api.w.org\/{rel}","templated":true}]}}